{"id":596,"date":"2011-02-14T12:31:56","date_gmt":"2011-02-14T10:31:56","guid":{"rendered":"http:\/\/sanitaetsschule112.de\/neu\/?page_id=596"},"modified":"2026-01-06T09:36:53","modified_gmt":"2026-01-06T07:36:53","slug":"termine-abensberg","status":"publish","type":"page","link":"https:\/\/sanitaetsschule112.de\/neu\/termine-abensberg\/","title":{"rendered":"Termine Abensberg"},"content":{"rendered":"<h2 style=\"padding-left: 60px;\">Unser Schulungsraum ist in der Ulrichstra\u00dfe 18 in&nbsp;93326 Abensberg<\/h2>\n<p>&nbsp;<\/p>\n<h4>Samstag 24. Januar 2026 Erste Hilfe Kurs&nbsp; &nbsp; &nbsp; &nbsp; &nbsp; &nbsp; &nbsp; &nbsp; &nbsp; &nbsp; &nbsp; &nbsp; &nbsp; &nbsp; &nbsp; &nbsp; &nbsp; &nbsp; &nbsp; &nbsp; 9 Unterrichtsstunden&nbsp; f\u00fcr alle F\u00fchrerscheinklassen Kursgeb\u00fchr: 45,- \u20ac. Kursbeginn ist um 9:00 Uhr. Anmeldung unter der Rubrik: Anmeldung.<\/h4>\n\n\n<p><\/p>\n\n\n\n<h4>Samstag 14. Februar 2026 Erste Hilfe Kurs&nbsp; &nbsp; &nbsp; &nbsp; &nbsp; &nbsp; &nbsp; &nbsp; &nbsp; &nbsp; &nbsp; &nbsp; &nbsp; &nbsp; &nbsp; &nbsp; &nbsp; &nbsp; &nbsp; &nbsp; 9 Unterrichtsstunden&nbsp; f\u00fcr alle F\u00fchrerscheinklassen Kursgeb\u00fchr: 45,- \u20ac. Kursbeginn ist um 9:00 Uhr. Anmeldung unter der Rubrik: Anmeldung.<\/h4>\n\n\n\n<p><\/p>\n\n\n\n<h4>Samstag 28. M\u00e4rz 2026 Erste Hilfe Kurs&nbsp; &nbsp; &nbsp; &nbsp; &nbsp; &nbsp; &nbsp; &nbsp; &nbsp; &nbsp; &nbsp; &nbsp; &nbsp; &nbsp; &nbsp; &nbsp; &nbsp; &nbsp; &nbsp; &nbsp; 9 Unterrichtsstunden&nbsp; f\u00fcr alle F\u00fchrerscheinklassen Kursgeb\u00fchr: 45,- \u20ac. Kursbeginn ist um 9:00 Uhr. Anmeldung unter der Rubrik: Anmeldung.<\/h4>\n\n\n\n<p><\/p>\n\n\n\n<h4>Samstag 25. April 2026 Erste Hilfe Kurs\u00a0 \u00a0 \u00a0 \u00a0 \u00a0 \u00a0 \u00a0 \u00a0 \u00a0 \u00a0 \u00a0 \u00a0 \u00a0 \u00a0 \u00a0 \u00a0 \u00a0 \u00a0 9 Unterrichtsstunden\u00a0 f\u00fcr alle F\u00fchrerscheinklassen Kursgeb\u00fchr: 45,- \u20ac. Kursbeginn ist um 9:00 Uhr. Anmeldung unter der Rubrik: Anmeldung.<\/h4>\n\n\n\n<h4>Samstag 23. Mai 2026 Erste Hilfe Kurs\u00a0 \u00a0 \u00a0 \u00a0 \u00a0 \u00a0 \u00a0 \u00a0 \u00a0 \u00a0 \u00a0 \u00a0 \u00a0 \u00a0 \u00a0 \u00a0 \u00a0 \u00a0 \u00a0 \u00a0 9 Unterrichtsstunden\u00a0 f\u00fcr alle F\u00fchrerscheinklassen Kursgeb\u00fchr: 45,- \u20ac. Kursbeginn ist um 9:00 Uhr. Anmeldung unter der Rubrik: Anmeldung.<\/h4>\n\n\n\n<h4>Samstag 6. Juni 2026 Erste Hilfe Kurs\u00a0 \u00a0 \u00a0 \u00a0 \u00a0 \u00a0 \u00a0 \u00a0 \u00a0 \u00a0 \u00a0 \u00a0 \u00a0 \u00a0 \u00a0 \u00a0 \u00a0 \u00a0 \u00a0 \u00a0 9 Unterrichtsstunden\u00a0 f\u00fcr alle F\u00fchrerscheinklassen Kursgeb\u00fchr: 45,- \u20ac. Kursbeginn ist um 9:00 Uhr. Anmeldung unter der Rubrik: Anmeldung.<\/h4>\n\n\n\n<h4>Samstag 4. Juli 2026 Erste Hilfe Kurs\u00a0 \u00a0 \u00a0 \u00a0 \u00a0 \u00a0 \u00a0 \u00a0 \u00a0 \u00a0 \u00a0 \u00a0 \u00a0 \u00a0 \u00a0 \u00a0 \u00a0 \u00a0 \u00a0 \u00a0 9 Unterrichtsstunden\u00a0 f\u00fcr alle F\u00fchrerscheinklassen Kursgeb\u00fchr: 45,- \u20ac. Kursbeginn ist um 9:00 Uhr. Anmeldung unter der Rubrik: Anmeldung.<\/h4>\n\n\n\n<h4>Samstag 29. August2026 Erste Hilfe Kurs\u00a0 \u00a0 \u00a0 \u00a0 \u00a0 \u00a0 \u00a0 \u00a0 \u00a0 \u00a0 \u00a0 \u00a0 \u00a0 \u00a0 \u00a0 \u00a0 \u00a0 9 Unterrichtsstunden\u00a0 f\u00fcr alle F\u00fchrerscheinklassen Kursgeb\u00fchr: 45,- \u20ac. Kursbeginn ist um 9:00 Uhr. Anmeldung unter der Rubrik: Anmeldung.<\/h4>\n\n\n\n<h4>Samstag 19. September 2026 Erste Hilfe Kurs\u00a0 \u00a0 \u00a0 \u00a0 \u00a0 \u00a0 \u00a0 \u00a0 \u00a0 \u00a0 \u00a0 \u00a0 \u00a0 9 Unterrichtsstunden\u00a0 f\u00fcr alle F\u00fchrerscheinklassen Kursgeb\u00fchr: 45,- \u20ac. Kursbeginn ist um 9:00 Uhr. Anmeldung unter der Rubrik: Anmeldung.<\/h4>\n\n\n\n<h4>Samstag 10. Oktober 2026 Erste Hilfe Kurs\u00a0 \u00a0 \u00a0 \u00a0 \u00a0 \u00a0 \u00a0 \u00a0 \u00a0 \u00a0 \u00a0 \u00a0 \u00a0 \u00a0 \u00a0 9 Unterrichtsstunden\u00a0 f\u00fcr alle F\u00fchrerscheinklassen Kursgeb\u00fchr: 45,- \u20ac. Kursbeginn ist um 9:00 Uhr. Anmeldung unter der Rubrik: Anmeldung.<\/h4>\n\n\n\n<h4>Samstag 07. November2026 Erste Hilfe Kurs\u00a0 \u00a0 \u00a0 \u00a0 \u00a0 \u00a0 \u00a0 \u00a0 \u00a0 \u00a0 \u00a0 \u00a0 \u00a0 9 Unterrichtsstunden\u00a0 f\u00fcr alle F\u00fchrerscheinklassen Kursgeb\u00fchr: 45,- \u20ac. Kursbeginn ist um 9:00 Uhr. Anmeldung unter der Rubrik: Anmeldung.<\/h4>\n\n\n\n<h4>Samstag 12. Dezember 2026 Erste Hilfe Kurs\u00a0 \u00a0 \u00a0 \u00a0 \u00a0 \u00a0 \u00a0 \u00a0 \u00a0 \u00a0 \u00a0 \u00a0 \u00a0 9 Unterrichtsstunden\u00a0 f\u00fcr alle F\u00fchrerscheinklassen Kursgeb\u00fchr: 45,- \u20ac. Kursbeginn ist um 9:00 Uhr. Anmeldung unter der Rubrik: Anmeldung.<\/h4>\n","protected":false},"excerpt":{"rendered":"<p>Unser Schulungsraum ist in der Ulrichstra\u00dfe 18 in&nbsp;93326 Abensberg &nbsp; Samstag 24. Januar 2026 Erste Hilfe Kurs&nbsp; &nbsp; &nbsp; &nbsp; &nbsp; &nbsp; &nbsp; &nbsp; &nbsp; &nbsp; &nbsp; &nbsp; &nbsp; &nbsp; &nbsp; &nbsp; &nbsp; &nbsp; &nbsp; &nbsp; 9 Unterrichtsstunden&nbsp; f\u00fcr alle F\u00fchrerscheinklassen Kursgeb\u00fchr: 45,- \u20ac. Kursbeginn ist um 9:00 Uhr. Anmeldung unter der Rubrik: Anmeldung. Samstag &hellip; <a href=\"https:\/\/sanitaetsschule112.de\/neu\/termine-abensberg\/\" class=\"more-link\"><span class=\"screen-reader-text\">Termine Abensberg<\/span> weiterlesen <span class=\"meta-nav\">&rarr;<\/span><\/a><\/p>\n","protected":false},"author":3,"featured_media":0,"parent":0,"menu_order":0,"comment_status":"closed","ping_status":"closed","template":"","meta":{"ngg_post_thumbnail":0},"_links":{"self":[{"href":"https:\/\/sanitaetsschule112.de\/neu\/wp-json\/wp\/v2\/pages\/596"}],"collection":[{"href":"https:\/\/sanitaetsschule112.de\/neu\/wp-json\/wp\/v2\/pages"}],"about":[{"href":"https:\/\/sanitaetsschule112.de\/neu\/wp-json\/wp\/v2\/types\/page"}],"author":[{"embeddable":true,"href":"https:\/\/sanitaetsschule112.de\/neu\/wp-json\/wp\/v2\/users\/3"}],"replies":[{"embeddable":true,"href":"https:\/\/sanitaetsschule112.de\/neu\/wp-json\/wp\/v2\/comments?post=596"}],"version-history":[{"count":240,"href":"https:\/\/sanitaetsschule112.de\/neu\/wp-json\/wp\/v2\/pages\/596\/revisions"}],"predecessor-version":[{"id":6492,"href":"https:\/\/sanitaetsschule112.de\/neu\/wp-json\/wp\/v2\/pages\/596\/revisions\/6492"}],"wp:attachment":[{"href":"https:\/\/sanitaetsschule112.de\/neu\/wp-json\/wp\/v2\/media?parent=596"}],"curies":[{"name":"wp","href":"https:\/\/api.w.org\/{rel}","templated":true}]}}