{"id":5391,"date":"2013-10-06T09:23:36","date_gmt":"2013-10-06T07:23:36","guid":{"rendered":"http:\/\/sanitaetsschule112.de\/neu\/?page_id=5391"},"modified":"2022-01-04T23:37:13","modified_gmt":"2022-01-04T21:37:13","slug":"termine","status":"publish","type":"page","link":"https:\/\/sanitaetsschule112.de\/neu\/termine\/","title":{"rendered":"Termine Kelheim"},"content":{"rendered":"<h2 style=\"text-align: left; padding-left: 30px;\">Schulungsraum: Gasthaus Wei\u00dfes Brauhaus, Emil-Otto-Stra\u00dfe 3 in Kelheim<\/h2>\n\n\n<h3>&nbsp;\u2013 Erste Hilfe Kurs 9 UE in am  in Kelheim<\/h3>\n\n\n\n<p>Samstag, 29.01.2022 Erste Hilfe Kurs 9 Unterrichtsstunden\u00a0 f\u00fcr alle F\u00fchrerscheinklassen Kursgeb\u00fchr: 40,- \u20ac. Kelheim, Emil-Otto-Str. 3 Kursbeginn ist um 9:00 Uhr. Anmeldung unter der Rubrik: Anmeldung.<\/p>\n\n\n\n<p>Tel.: St\u00fctzpunktleiter Thomas Hamann (nur Kursanmeldung Kelheim) 0175 667 6803<\/p>\n","protected":false},"excerpt":{"rendered":"<p>Schulungsraum: Gasthaus Wei\u00dfes Brauhaus, Emil-Otto-Stra\u00dfe 3 in Kelheim &nbsp;\u2013 Erste Hilfe Kurs 9 UE in am in Kelheim Samstag, 29.01.2022 Erste Hilfe Kurs 9 Unterrichtsstunden\u00a0 f\u00fcr alle F\u00fchrerscheinklassen Kursgeb\u00fchr: 40,- \u20ac. Kelheim, Emil-Otto-Str. 3 Kursbeginn ist um 9:00 Uhr. Anmeldung unter der Rubrik: Anmeldung. Tel.: St\u00fctzpunktleiter Thomas Hamann (nur Kursanmeldung Kelheim) 0175 667 6803<\/p>\n","protected":false},"author":3,"featured_media":0,"parent":0,"menu_order":0,"comment_status":"closed","ping_status":"closed","template":"","meta":{"ngg_post_thumbnail":0},"_links":{"self":[{"href":"https:\/\/sanitaetsschule112.de\/neu\/wp-json\/wp\/v2\/pages\/5391"}],"collection":[{"href":"https:\/\/sanitaetsschule112.de\/neu\/wp-json\/wp\/v2\/pages"}],"about":[{"href":"https:\/\/sanitaetsschule112.de\/neu\/wp-json\/wp\/v2\/types\/page"}],"author":[{"embeddable":true,"href":"https:\/\/sanitaetsschule112.de\/neu\/wp-json\/wp\/v2\/users\/3"}],"replies":[{"embeddable":true,"href":"https:\/\/sanitaetsschule112.de\/neu\/wp-json\/wp\/v2\/comments?post=5391"}],"version-history":[{"count":104,"href":"https:\/\/sanitaetsschule112.de\/neu\/wp-json\/wp\/v2\/pages\/5391\/revisions"}],"predecessor-version":[{"id":6393,"href":"https:\/\/sanitaetsschule112.de\/neu\/wp-json\/wp\/v2\/pages\/5391\/revisions\/6393"}],"wp:attachment":[{"href":"https:\/\/sanitaetsschule112.de\/neu\/wp-json\/wp\/v2\/media?parent=5391"}],"curies":[{"name":"wp","href":"https:\/\/api.w.org\/{rel}","templated":true}]}}