{"id":493,"date":"2010-11-30T15:20:23","date_gmt":"2010-11-30T13:20:23","guid":{"rendered":"http:\/\/sanitaetsschule112.de\/neu\/?page_id=493"},"modified":"2013-12-25T10:22:16","modified_gmt":"2013-12-25T08:22:16","slug":"notfalle-im-kindesalter","status":"publish","type":"page","link":"https:\/\/sanitaetsschule112.de\/neu\/notfalle-im-kindesalter\/","title":{"rendered":"Notf\u00e4lle im Kindesalter"},"content":{"rendered":"<h2>\u00a0\u00a0\u00a0\u00a0\u00a0\u00a0\u00a0Erste Hilfe bei Notf\u00e4llen im Kindesalter<\/h2>\n<p><a href=\"http:\/\/sanitaetsschule112.de\/neu\/wp-content\/uploads\/2010\/11\/Erste-Hilfe-Kurs-26.01.09-0241.jpg\"><img loading=\"lazy\" class=\"aligncenter size-thumbnail wp-image-1200\" title=\"Erste Hilfe Kurs 26.01.09 024\" alt=\"\" src=\"http:\/\/sanitaetsschule112.de\/neu\/wp-content\/uploads\/2010\/11\/Erste-Hilfe-Kurs-26.01.09-0241-150x150.jpg\" width=\"150\" height=\"150\" \/><\/a><\/p>\n<p>Kindernotf\u00e4lle und \u2013erkrankungen kommen im Alltag immer wieder vor. Oft muss dann die Hilfeleistung anders ausgef\u00fchrt werden als bei Erwachsenen. Damit Sie sicher und schnell reagieren k\u00f6nnen, haben wir f\u00fcr Sie diesen Kurs zusammen gestellt. Wir sprechen typische Notf\u00e4lle an und \u00fcben mit Ihnen Erste-Hilfe-Ma\u00dfnahmen speziell f\u00fcr Kinder.<\/p>\n<h3>Inhalte:<\/h3>\n<ul>\n<li>Allgemeine Ma\u00dfnahmen<\/li>\n<li>Notruf<\/li>\n<li>Verletzungen \/ Wunden \/ Verb\u00e4nde<\/li>\n<li>Bedrohliche Blutung<\/li>\n<li>Schock<\/li>\n<li>Bewusstlosigkeit<\/li>\n<li>Fieber- und Infektionskr\u00e4mpfe, hirnbedingte Krampfanf\u00e4lle<\/li>\n<li>Stromunf\u00e4lle<\/li>\n<li>Ver\u00e4tzungen<\/li>\n<li>Vergiftungen<\/li>\n<li>Verbrennungen<\/li>\n<li>Knochenbr\u00fcche<\/li>\n<li>Kontrolle der Vitalfunktionen<\/li>\n<li>Verlegung der Atemwege, Atemstillstand<\/li>\n<li>Kreislaufstillstand<\/li>\n<li>Herz-Lungen-Wiederbelebung<\/li>\n<li>Sonnenstich<\/li>\n<li>Erkrankungen des Brust- und Bauchraumes<\/li>\n<li>Gewalteinwirkungen auf den Kopf\u00a0<\/li>\n<\/ul>\n<p>6 Unterrichtsstunden<br \/>\nz.B. f\u00fcr Eltern, Gro\u00dfeltern, Babysitter, Kinderg\u00e4rtner, Lehrer, Erzieher usw.<\/p>\n<p>Kursgeb\u00fchr: EUR 25,- pro Person<\/p>\n<p><span style=\"color: #888888;\">Der Kurs findet nur auf Anfrage und bei ausreichender Teilnehmerzahl statt.<\/span><\/p>\n","protected":false},"excerpt":{"rendered":"<p>\u00a0\u00a0\u00a0\u00a0\u00a0\u00a0\u00a0Erste Hilfe bei Notf\u00e4llen im Kindesalter Kindernotf\u00e4lle und \u2013erkrankungen kommen im Alltag immer wieder vor. Oft muss dann die Hilfeleistung anders ausgef\u00fchrt werden als bei Erwachsenen. Damit Sie sicher und schnell reagieren k\u00f6nnen, haben wir f\u00fcr Sie diesen Kurs zusammen gestellt. Wir sprechen typische Notf\u00e4lle an und \u00fcben mit Ihnen Erste-Hilfe-Ma\u00dfnahmen speziell f\u00fcr Kinder. Inhalte: &hellip; <a href=\"https:\/\/sanitaetsschule112.de\/neu\/notfalle-im-kindesalter\/\" class=\"more-link\"><span class=\"screen-reader-text\">Notf\u00e4lle im Kindesalter<\/span> weiterlesen <span class=\"meta-nav\">&rarr;<\/span><\/a><\/p>\n","protected":false},"author":3,"featured_media":0,"parent":0,"menu_order":0,"comment_status":"closed","ping_status":"closed","template":"","meta":{"ngg_post_thumbnail":0},"_links":{"self":[{"href":"https:\/\/sanitaetsschule112.de\/neu\/wp-json\/wp\/v2\/pages\/493"}],"collection":[{"href":"https:\/\/sanitaetsschule112.de\/neu\/wp-json\/wp\/v2\/pages"}],"about":[{"href":"https:\/\/sanitaetsschule112.de\/neu\/wp-json\/wp\/v2\/types\/page"}],"author":[{"embeddable":true,"href":"https:\/\/sanitaetsschule112.de\/neu\/wp-json\/wp\/v2\/users\/3"}],"replies":[{"embeddable":true,"href":"https:\/\/sanitaetsschule112.de\/neu\/wp-json\/wp\/v2\/comments?post=493"}],"version-history":[{"count":13,"href":"https:\/\/sanitaetsschule112.de\/neu\/wp-json\/wp\/v2\/pages\/493\/revisions"}],"predecessor-version":[{"id":5559,"href":"https:\/\/sanitaetsschule112.de\/neu\/wp-json\/wp\/v2\/pages\/493\/revisions\/5559"}],"wp:attachment":[{"href":"https:\/\/sanitaetsschule112.de\/neu\/wp-json\/wp\/v2\/media?parent=493"}],"curies":[{"name":"wp","href":"https:\/\/api.w.org\/{rel}","templated":true}]}}