{"id":339,"date":"2010-09-06T14:15:53","date_gmt":"2010-09-06T12:15:53","guid":{"rendered":"http:\/\/www.muc3.de\/popper_neu\/?page_id=339"},"modified":"2026-03-28T23:44:20","modified_gmt":"2026-03-28T21:44:20","slug":"mittwoch-13-10-2010","status":"publish","type":"page","link":"https:\/\/sanitaetsschule112.de\/neu\/mittwoch-13-10-2010\/","title":{"rendered":"Anmeldung f\u00fcr Kurse in Abensberg und Kelheim"},"content":{"rendered":"<p><strong><span style=\"color: #800000;\">Anmeldung f\u00fcr Kurse in Abensberg \u00fcber den Buchung\u00b4s Butten oder den QR Cod scannen<\/span><\/strong><\/p>\n<p><a href=\"https:\/\/app.cituro.com\/booking\/8260259\"><img loading=\"lazy\" class=\"aligncenter size-medium wp-image-6505\" src=\"http:\/\/sanitaetsschule112.de\/wp-content\/uploads\/2026\/03\/Screenshot-2026-03-28-224206-300x105.jpg\" alt=\"\" width=\"300\" height=\"105\" srcset=\"https:\/\/sanitaetsschule112.de\/wp-content\/uploads\/2026\/03\/Screenshot-2026-03-28-224206-300x105.jpg 300w, https:\/\/sanitaetsschule112.de\/wp-content\/uploads\/2026\/03\/Screenshot-2026-03-28-224206.jpg 435w\" sizes=\"(max-width: 300px) 100vw, 300px\" \/><\/a><\/p>\n<p><a href=\"https:\/\/app.cituro.com\/booking\/8260259\"><br \/>\n<img loading=\"lazy\" class=\"aligncenter size-medium wp-image-6496\" src=\"http:\/\/sanitaetsschule112.de\/wp-content\/uploads\/2026\/01\/qr300x300-3-300x300.png\" alt=\"\" width=\"300\" height=\"300\" srcset=\"https:\/\/sanitaetsschule112.de\/wp-content\/uploads\/2026\/01\/qr300x300-3.png 300w, https:\/\/sanitaetsschule112.de\/wp-content\/uploads\/2026\/01\/qr300x300-3-150x150.png 150w\" sizes=\"(max-width: 300px) 100vw, 300px\" \/><\/a><\/p>\n<p>Wir bieten an unserem Standorte in Kelheim zwei verschiedene Kurse an:<\/p>\n<p><strong>Kurs A &#8211; Erste Hilfe<\/strong><br \/>\nDiesen Kurs ben\u00f6tigen Sie f\u00fcr alle F\u00fchrerscheinklassen oder f\u00fcr Ersthelfer im Betrieb.<\/p>\n<p><strong>Kurs B &#8211; Erste Hilfe Training<\/strong><br \/>\nDiesen Kurs m\u00fcssen Ersthelfer im Betrieb alle zwei Jahre besuchen.<\/p>\n<p>Hier k\u00f6nnen Sie sich f\u00fcr den Kurs &#8222;Erste Hilfe&#8220; anmelden:<\/p>\n<div role=\"form\" class=\"wpcf7\" id=\"wpcf7-f5450-o1\" lang=\"en-US\" dir=\"ltr\">\n<div class=\"screen-reader-response\"><p role=\"status\" aria-live=\"polite\" aria-atomic=\"true\"><\/p> <ul><\/ul><\/div>\n<form action=\"\/neu\/wp-json\/wp\/v2\/pages\/339#wpcf7-f5450-o1\" method=\"post\" class=\"wpcf7-form init\" novalidate=\"novalidate\" data-status=\"init\">\n<div style=\"display: none;\">\n<input type=\"hidden\" name=\"_wpcf7\" value=\"5450\" \/>\n<input type=\"hidden\" name=\"_wpcf7_version\" value=\"5.3.2\" \/>\n<input type=\"hidden\" name=\"_wpcf7_locale\" value=\"en_US\" \/>\n<input type=\"hidden\" name=\"_wpcf7_unit_tag\" value=\"wpcf7-f5450-o1\" \/>\n<input type=\"hidden\" name=\"_wpcf7_container_post\" value=\"0\" \/>\n<input type=\"hidden\" name=\"_wpcf7_posted_data_hash\" value=\"\" \/>\n<\/div>\n<p>Kurs*<br \/>\n<span class=\"wpcf7-form-control-wrap seminare\"><select name=\"seminare\" class=\"wpcf7-form-control wpcf7-select\" aria-invalid=\"false\"><option value=\"\">---<\/option><option value=\"24. Januar 2026 Erste Hilfe Kurse in Abensberg - Beginn: 09:00 Uhr\">24. Januar 2026 Erste Hilfe Kurse in Abensberg - Beginn: 09:00 Uhr<\/option><option value=\"14. Februar 2026 Erste Hilfe Kurse in Abensberg - Beginn: 09:00 Uhr\">14. Februar 2026 Erste Hilfe Kurse in Abensberg - Beginn: 09:00 Uhr<\/option><option value=\"28. M\u00e4rz 2026 Erste Hilfe Kurse in Abensberg - Beginn: 09:00 Uhr\">28. M\u00e4rz 2026 Erste Hilfe Kurse in Abensberg - Beginn: 09:00 Uhr<\/option><option value=\"25. April 2026 Erste Hilfe Kurse in Abensberg - Beginn: 09:00 Uhr\">25. April 2026 Erste Hilfe Kurse in Abensberg - Beginn: 09:00 Uhr<\/option><option value=\"23. Mai 2026 Erste Hilfe Kurse in Abensberg - Beginn: 09:00 Uhr\">23. Mai 2026 Erste Hilfe Kurse in Abensberg - Beginn: 09:00 Uhr<\/option><option value=\"6. Juni 2026 Erste Hilfe Kurse in Abensberg - Beginn: 09:00 Uhr\">6. Juni 2026 Erste Hilfe Kurse in Abensberg - Beginn: 09:00 Uhr<\/option><option value=\"4. Juli 2026 Erste Hilfe Kurse in Abensberg - Beginn: 09:00 Uhr\">4. Juli 2026 Erste Hilfe Kurse in Abensberg - Beginn: 09:00 Uhr<\/option><option value=\"29. August 2026 Erste Hilfe Kurse in Abensberg - Beginn: 09:00 Uhr\">29. August 2026 Erste Hilfe Kurse in Abensberg - Beginn: 09:00 Uhr<\/option><option value=\"19. September 2026 Erste Hilfe Kurse in Abensberg - Beginn: 09:00 Uhr\">19. September 2026 Erste Hilfe Kurse in Abensberg - Beginn: 09:00 Uhr<\/option><option value=\"10. Oktober 2026 Erste Hilfe Kurse in Abensberg - Beginn: 09:00 Uhr\">10. Oktober 2026 Erste Hilfe Kurse in Abensberg - Beginn: 09:00 Uhr<\/option><option value=\"07. November 2026 Erste Hilfe Kurse in Abensberg - Beginn: 09:00 Uhr\">07. November 2026 Erste Hilfe Kurse in Abensberg - Beginn: 09:00 Uhr<\/option><option value=\"12. Dezember 2026 Erste Hilfe Kurse in Abensberg - Beginn: 09:00 Uhr\">12. Dezember 2026 Erste Hilfe Kurse in Abensberg - Beginn: 09:00 Uhr<\/option><\/select><\/span><\/]<\/ ]<\/p>\n<p><b>Ihre Kontaktdaten:<\/b><\/p>\n<p>Anrede:*<br \/>\n<span class=\"wpcf7-form-control-wrap anrede\"><span class=\"wpcf7-form-control wpcf7-radio\"><span class=\"wpcf7-list-item first\"><span class=\"wpcf7-list-item-label\">Herr<\/span><input type=\"radio\" name=\"anrede\" value=\"Herr\" \/><\/span><span class=\"wpcf7-list-item last\"><span class=\"wpcf7-list-item-label\">Frau<\/span><input type=\"radio\" name=\"anrede\" value=\"Frau\" \/><\/span><\/span><\/span><\/p>\n<div style=\"float: left; height: auto; vertical-align: top;\">\n<p>Vorname:*<br \/>\n<span class=\"wpcf7-form-control-wrap vname\"><input type=\"text\" name=\"vname\" value=\"\" size=\"40\" class=\"wpcf7-form-control wpcf7-text wpcf7-validates-as-required\" aria-required=\"true\" aria-invalid=\"false\" \/><\/span><\/p>\n<p>Strasse:<br \/>\n<span class=\"wpcf7-form-control-wrap strasse\"><input type=\"text\" name=\"strasse\" value=\"\" size=\"40\" class=\"wpcf7-form-control wpcf7-text\" aria-invalid=\"false\" \/><\/span><\/p>\n<p>Ihre Email:*<br \/>\n    <span class=\"wpcf7-form-control-wrap your-email\"><input type=\"email\" name=\"your-email\" value=\"\" size=\"40\" class=\"wpcf7-form-control wpcf7-text wpcf7-email wpcf7-validates-as-required wpcf7-validates-as-email\" aria-required=\"true\" aria-invalid=\"false\" \/><\/span> <\/p>\n<\/div>\n<div style=\"float: right; vertical-align: top;\">\n<p>Name:*<br \/>\n    <span class=\"wpcf7-form-control-wrap your-name\"><input type=\"text\" name=\"your-name\" value=\"\" size=\"40\" class=\"wpcf7-form-control wpcf7-text wpcf7-validates-as-required\" aria-required=\"true\" aria-invalid=\"false\" \/><\/span><\/p>\n<p>PLZ\/Ort:<br \/>\n<span class=\"wpcf7-form-control-wrap plz\"><input type=\"text\" name=\"plz\" value=\"\" size=\"5\" maxlength=\"5\" class=\"wpcf7-form-control wpcf7-text\" aria-invalid=\"false\" \/><\/span> <span class=\"wpcf7-form-control-wrap ort\"><input type=\"text\" name=\"ort\" value=\"\" size=\"29\" maxlength=\"29\" class=\"wpcf7-form-control wpcf7-text\" aria-invalid=\"false\" \/><\/span><\/p>\n<p>Telefon:<br \/>\n     <span class=\"wpcf7-form-control-wrap telefon\"><input type=\"text\" name=\"telefon\" value=\"\" size=\"40\" class=\"wpcf7-form-control wpcf7-text\" aria-invalid=\"false\" \/><\/span><\/p>\n<p>Geburtsdatum:<br \/>\n     <span class=\"wpcf7-form-control-wrap gebdatum\"><input type=\"text\" name=\"gebdatum\" value=\"\" size=\"40\" class=\"wpcf7-form-control wpcf7-text\" aria-invalid=\"false\" \/><\/span><\/p>\n<\/div>\n<p><b>Nachricht<\/b><br \/>\n<span class=\"wpcf7-form-control-wrap nachricht\"><textarea name=\"nachricht\" cols=\"40\" rows=\"10\" class=\"wpcf7-form-control wpcf7-textarea\" aria-invalid=\"false\"><\/textarea><\/span> <\/p>\n<p><input type=\"submit\" value=\"Senden\" class=\"wpcf7-form-control wpcf7-submit\" \/><\/p>\n<p>\u00a0<\/p>\n<p>\u00a0<\/p>\n<p>\u00a0<\/p>\n<p>\u00a0<\/p>\n<div class=\"wpcf7-response-output\" aria-hidden=\"true\"><\/div><\/form><\/div>\n","protected":false},"excerpt":{"rendered":"<p>Anmeldung f\u00fcr Kurse in Abensberg \u00fcber den Buchung\u00b4s Butten oder den QR Cod scannen Wir bieten an unserem Standorte in Kelheim zwei verschiedene Kurse an: Kurs A &#8211; Erste Hilfe Diesen Kurs ben\u00f6tigen Sie f\u00fcr alle F\u00fchrerscheinklassen oder f\u00fcr Ersthelfer im Betrieb. Kurs B &#8211; Erste Hilfe Training Diesen Kurs m\u00fcssen Ersthelfer im Betrieb alle &hellip; <a href=\"https:\/\/sanitaetsschule112.de\/neu\/mittwoch-13-10-2010\/\" class=\"more-link\"><span class=\"screen-reader-text\">Anmeldung f\u00fcr Kurse in Abensberg und Kelheim<\/span> weiterlesen <span class=\"meta-nav\">&rarr;<\/span><\/a><\/p>\n","protected":false},"author":3,"featured_media":0,"parent":0,"menu_order":0,"comment_status":"closed","ping_status":"closed","template":"","meta":{"ngg_post_thumbnail":0},"_links":{"self":[{"href":"https:\/\/sanitaetsschule112.de\/neu\/wp-json\/wp\/v2\/pages\/339"}],"collection":[{"href":"https:\/\/sanitaetsschule112.de\/neu\/wp-json\/wp\/v2\/pages"}],"about":[{"href":"https:\/\/sanitaetsschule112.de\/neu\/wp-json\/wp\/v2\/types\/page"}],"author":[{"embeddable":true,"href":"https:\/\/sanitaetsschule112.de\/neu\/wp-json\/wp\/v2\/users\/3"}],"replies":[{"embeddable":true,"href":"https:\/\/sanitaetsschule112.de\/neu\/wp-json\/wp\/v2\/comments?post=339"}],"version-history":[{"count":32,"href":"https:\/\/sanitaetsschule112.de\/neu\/wp-json\/wp\/v2\/pages\/339\/revisions"}],"predecessor-version":[{"id":6506,"href":"https:\/\/sanitaetsschule112.de\/neu\/wp-json\/wp\/v2\/pages\/339\/revisions\/6506"}],"wp:attachment":[{"href":"https:\/\/sanitaetsschule112.de\/neu\/wp-json\/wp\/v2\/media?parent=339"}],"curies":[{"name":"wp","href":"https:\/\/api.w.org\/{rel}","templated":true}]}}