{"id":330,"date":"2010-09-06T09:42:43","date_gmt":"2010-09-06T07:42:43","guid":{"rendered":"http:\/\/popper.buyuware.de\/?page_id=330"},"modified":"2019-01-05T09:36:09","modified_gmt":"2019-01-05T07:36:09","slug":"kurse","status":"publish","type":"page","link":"https:\/\/sanitaetsschule112.de\/neu\/kurse\/","title":{"rendered":"WIR \u00dcBER UNS"},"content":{"rendered":"<p><span style=\"color: #000000;\"><strong><em>Die Sanit\u00e4tsschule 112 ist ein privates Unternehmen, das die Anerkennung als &#8222;Anerkannte Ausbildungsst\u00e4tte f\u00fcr Lehrg\u00e4nge in Erster Hilfe (EH) f\u00fcr F\u00fchrerscheinbewerber gem. \u00a7 68 FeV&#8220; f\u00fcr ganz Bayern durch die Regierung der Oberpfalz erhalten hat.&nbsp;Dar\u00fcberhinaus sind wir durch die Verwaltungs-Berufsgenossenschaft (VBG) eine&nbsp;anerkannte Ausbildungsstelle nach BGV A1 zum Abhalten von Erste Hilfe Kursen f\u00fcr Ersthelfer in Betrieben. Wir f\u00fchren regelm\u00e4\u00dfig Erste Hilfe Kurse (EH) in Abensberg im Inlingua Sprachcenter in der Ulrichstra\u00dfe 21, und in Kelheim, Emil-Ott-Str.3 durch (siehe unter Termine). Wir f\u00fchren bayernweit auch in Ihrem Betrieb eine Ersthelfer-Schulung durch. Sprechen Sie uns einfach an.<\/em><\/strong><\/span><\/p>\n<p><span style=\"color: #000000;\"><strong><em>Wir&nbsp;bieten f\u00fcr &nbsp;Zahn\u00e4rzte (bayernweit) spezielle Notfalltrainings an und d\u00fcrfen daf\u00fcr Fortbildungspunkte nach BZ\u00c4K\/DGZMK vergeben.<\/em><\/strong><\/span><\/p>\n<p><span style=\"color: #000000;\"><strong><em>Unser Ausbilderteam besteht aus erfahrenen \u00c4rzten und Mitarbeitern, die im Rettungsdienst t\u00e4tig sind.<\/em><\/strong><\/span><\/p>\n<p><span style=\"color: #000000;\"><strong><em>Notf\u00e4lle im famili\u00e4ren Bereich, bei der Arbeit, im Stra\u00dfenverkehr oder bei Sport- und<\/em> <em>Freizeitaktivit\u00e4ten<\/em><em> sind keine Seltenheit mehr. Jeder kann selber betroffen sein. Meist sind es Menschen, die einem nahestehen.<\/em><\/strong><\/span><\/p>\n<p><span style=\"color: #000000;\"><strong><em>Eine Notfallsituation ist f\u00fcr alle Beteiligte eine au\u00dfergew\u00f6hnlich schwierige Situation.<\/em><\/strong><\/span><\/p>\n<p><span style=\"color: #000000;\"><strong><em>\u00c4ngste, Unsicherheit und das Unwissen von Erste Hilfe Ma\u00dfnahmen sind die st\u00e4ndigen Begleiter. Viele von uns wollen helfen, erinnern sich aber nicht mehr an die Erste Hilfe Ma\u00dfnahmen.<\/em><\/strong><\/span><\/p>\n<p><span style=\"color: #000000;\"><strong><em>Um bei Notf\u00e4llen ruhig, sicher und mit ge\u00fcbten und einfachen Handgriffen helfen zu k\u00f6nnen, sollte man regelm\u00e4\u00dfig die Erste Hilfe Ma\u00dfnahmen \u00fcben.<\/em><\/strong><\/span><\/p>\n<p><strong><em>Team:<\/em><\/strong><\/p>\n<p>Dagmar Kirmayer, Erste Hilfe Ausbilderin<\/p>\n<p>Julian Lachner, Rettungsassistent, Erste Hilfe Ausbilder<\/p>\n<p>Kristina Bielack, Rettungssanit\u00e4terin, Ertse Hilfe Ausbilderin, zust\u00e4ndig f\u00fcr den Landkreis Ebersberg<\/p>\n<p>Eva Fritschka, \u00c4rztin, Erste Hilfe Ausbilderin<\/p>\n<p>Andrea Hermann, Rettungssanit\u00e4terin, Erste Hilfe Ausbilderin<\/p>\n<p>Sandra Gensick, Erste Hilfe Ausbilderin, zust\u00e4ndig f\u00fcr den Landkreis Regensburg<\/p>\n<p>Martina Nebauer-Nielsen, Erste Hilfe Ausbilderin<\/p>\n<p>Manuela Obermeier, Rettungsassistentin Erste Hilfe Ausbilderin<\/p>\n<p>Thomas Hamann, Erste Hilfe Ausbilder, zust\u00e4ndig f\u00fcr den Landkreis Kelheim<\/p>\n<p>Johannes Neumair, Notfallsanit\u00e4ter, Erste Hilfe Ausbilder<\/p>\n<p>Florian Stoeber, Erste Hilfe Ausbilder<\/p>\n<p>Sophie Rabauer, Rettungsassistentin, Erste Hilfe Ausbilderin<\/p>\n<p>Enrico Wendt, Rettungssanit\u00e4ter, Erste Hilfe Ausbilder<\/p>\n","protected":false},"excerpt":{"rendered":"<p>Die Sanit\u00e4tsschule 112 ist ein privates Unternehmen, das die Anerkennung als &#8222;Anerkannte Ausbildungsst\u00e4tte f\u00fcr Lehrg\u00e4nge in Erster Hilfe (EH) f\u00fcr F\u00fchrerscheinbewerber gem. \u00a7 68 FeV&#8220; f\u00fcr ganz Bayern durch die Regierung der Oberpfalz erhalten hat.&nbsp;Dar\u00fcberhinaus sind wir durch die Verwaltungs-Berufsgenossenschaft (VBG) eine&nbsp;anerkannte Ausbildungsstelle nach BGV A1 zum Abhalten von Erste Hilfe Kursen f\u00fcr Ersthelfer in &hellip; <a href=\"https:\/\/sanitaetsschule112.de\/neu\/kurse\/\" class=\"more-link\"><span class=\"screen-reader-text\">WIR \u00dcBER UNS<\/span> weiterlesen <span class=\"meta-nav\">&rarr;<\/span><\/a><\/p>\n","protected":false},"author":3,"featured_media":0,"parent":0,"menu_order":0,"comment_status":"closed","ping_status":"closed","template":"","meta":{"ngg_post_thumbnail":0},"_links":{"self":[{"href":"https:\/\/sanitaetsschule112.de\/neu\/wp-json\/wp\/v2\/pages\/330"}],"collection":[{"href":"https:\/\/sanitaetsschule112.de\/neu\/wp-json\/wp\/v2\/pages"}],"about":[{"href":"https:\/\/sanitaetsschule112.de\/neu\/wp-json\/wp\/v2\/types\/page"}],"author":[{"embeddable":true,"href":"https:\/\/sanitaetsschule112.de\/neu\/wp-json\/wp\/v2\/users\/3"}],"replies":[{"embeddable":true,"href":"https:\/\/sanitaetsschule112.de\/neu\/wp-json\/wp\/v2\/comments?post=330"}],"version-history":[{"count":66,"href":"https:\/\/sanitaetsschule112.de\/neu\/wp-json\/wp\/v2\/pages\/330\/revisions"}],"predecessor-version":[{"id":6188,"href":"https:\/\/sanitaetsschule112.de\/neu\/wp-json\/wp\/v2\/pages\/330\/revisions\/6188"}],"wp:attachment":[{"href":"https:\/\/sanitaetsschule112.de\/neu\/wp-json\/wp\/v2\/media?parent=330"}],"curies":[{"name":"wp","href":"https:\/\/api.w.org\/{rel}","templated":true}]}}