{"id":210,"date":"2010-08-11T07:28:52","date_gmt":"2010-08-11T05:28:52","guid":{"rendered":"http:\/\/192.168.100.13\/~walter\/?page_id=210"},"modified":"2017-09-02T16:12:55","modified_gmt":"2017-09-02T14:12:55","slug":"erste-hilfe-masnahmen","status":"publish","type":"page","link":"https:\/\/sanitaetsschule112.de\/neu\/erste-hilfe-masnahmen\/","title":{"rendered":"Neues f\u00fcr die Ersthelfer in Betrieben"},"content":{"rendered":"<p class=\"x_MsoNormal\">Sehr geehrte Damen und Herren,<\/p>\n<p class=\"x_MsoNormal\">die BGW stellt ihr <strong>Abrechnungsverfahren zur Kosten\u00fcbernahme<\/strong> von Aus-und Fortbildungen in Erster Hilfe f\u00fcr die betrieblichen Ersthelfer um.<\/p>\n<p class=\"x_MsoNormal\">Wir m\u00f6chten Sie daher \u00fcber die Abrechnungsmodalit\u00e4ten der BGW auf diesem Wege informieren.<br \/>\nAb 01.11.2017 erf\u00e4hrt ein Unternehmen sofort, ob die BGW die Kosten f\u00fcr die Aus- bzw. Fortbildung der betrieblichen Ersthelfenden \u00fcbernimmt. Ab dann ist <strong>immer<\/strong> eine Kostenzusage von der BGW vor der Schulung einzuholen.<br \/>\nDazu gibt das neue komfortable Online-Abrechnungsverfahren die M\u00f6glichkeit, sich schnell und unkompliziert die Kosten\u00fcbernahme best\u00e4tigen zu lassen. Das Ergebnis ist dann eine ausgef\u00fcllte Teilnehmerliste, die Sie, die Ausbildungsorganisation erhalten. Diese Liste ist f\u00fcr Sie die Best\u00e4tigung, dass eine Abrechnung der dort aufgef\u00fchrten Personen mit der BGW erfolgen kann. Die Liste muss lediglich erg\u00e4nzt werden um die Registriernummer des Kurses. Andere \u00c4nderungen insbesondere ein Hinzuf\u00fcgen von zus\u00e4tzlichen Personen sind nicht zul\u00e4ssig.<br \/>\nDie Voraussetzungen zur Kosten\u00fcbernahme haben wir nachstehend f\u00fcr Sie zusammengefasst.<\/p>\n<p class=\"x_MsoNormal\">1.<br \/>\nZur Schulung der betrieblichen Ersthelferinnen und Ersthelfer werden von der BGW ausschlie\u00dflich <strong>zwei Kursarten<\/strong> bezahlt: die <strong>Ausbildung<\/strong> und die alle zwei Jahre n\u00f6tige <strong>Fortbildung<\/strong>.<br \/>\nF\u00fcr alle anderen Erste-Hilfe-Kurse gibt die BGW keine Kostenzusage.<\/p>\n<p class=\"x_MsoNormal\">2.<br \/>\n<u>Personen mit einer abgeschlossenen Ausbildung in einem Beruf des Gesundheitswesens und Personen mit sanit\u00e4tsdienstlicher\/rettungsdienstlicher Ausbildung<\/u><br \/>\n<strong>Die BGW \u00fcbernimmt f\u00fcr diesen Personenkreis <\/strong><strong>nicht die Kosten f\u00fcr die Erste-Hilfe-Ausbildung.<br \/>\nAber: <\/strong>Sofern sie regelm\u00e4\u00dfig Erste-Hilfe-Ma\u00dfnahmen durchf\u00fchren oder sich anders fortbilden, m\u00fcssen sie auch keine weiteren Erste-Hilfe-Schulungen\/Fortbildungen besuchen. Ein Nachweis dar\u00fcber hat vorzuliegen. Fehlt die praktische Erfahrung, <b>tr\u00e4gt die BGW die Kosten f\u00fcr die notwendige Auffrischung der Kenntnisse durch eine Erste-Hilfe-Fortbildung<\/b><br \/>\nPersonen mit einer abgeschlossenen Ausbildung in einem Beruf des Gesundheitswesens und Personen mit sanit\u00e4tsdienstlicher\/rettungsdienstlicher Ausbildung sind insbesondere:<\/p>\n<p class=\"x_MsoListParagraphCxSpFirst\">\u00b7\u00a0\u00a0\u00a0\u00a0\u00a0\u00a0\u00a0\u00a0 Rettungshelferinnen\/-helfer, Rettungssanit\u00e4terinnen\/-sanit\u00e4ter,<\/p>\n<p class=\"x_MsoListParagraphCxSpMiddle\">\u00b7\u00a0\u00a0\u00a0\u00a0\u00a0\u00a0\u00a0\u00a0 Rettungsassistentinnen\/-assistenten<\/p>\n<p class=\"x_MsoListParagraphCxSpMiddle\">\u00b7\u00a0\u00a0\u00a0\u00a0\u00a0\u00a0\u00a0\u00a0 Gesundheits- und Krankenpflegerinnen und -pfleger<\/p>\n<p class=\"x_MsoListParagraphCxSpMiddle\">\u00b7\u00a0\u00a0\u00a0\u00a0\u00a0\u00a0\u00a0\u00a0 Gesundheits- und Kinderkrankenpflegerinnen und -Kinderkrankenpfleger<\/p>\n<p class=\"x_MsoListParagraphCxSpMiddle\">\u00b7\u00a0\u00a0\u00a0\u00a0\u00a0\u00a0\u00a0\u00a0 Hebammen und Entbindungshelfer<\/p>\n<p class=\"x_MsoListParagraphCxSpMiddle\">\u00b7\u00a0\u00a0\u00a0\u00a0\u00a0\u00a0\u00a0\u00a0 Gesundheits- und Krankenpflegehelferinnen bzw. -helfer<\/p>\n<p class=\"x_MsoListParagraphCxSpMiddle\">\u00b7\u00a0\u00a0\u00a0\u00a0\u00a0\u00a0\u00a0\u00a0 Altenpflegerinnen bzw. -pfleger<\/p>\n<p class=\"x_MsoListParagraphCxSpMiddle\">\u00b7\u00a0\u00a0\u00a0\u00a0\u00a0\u00a0\u00a0\u00a0 Medizinische Fachangestellte<\/p>\n<p class=\"x_MsoListParagraphCxSpMiddle\">\u00b7\u00a0\u00a0\u00a0\u00a0\u00a0\u00a0\u00a0\u00a0 Masseurinnen und Masseure<\/p>\n<p class=\"x_MsoListParagraphCxSpMiddle\">\u00b7\u00a0\u00a0\u00a0\u00a0\u00a0\u00a0\u00a0\u00a0 medizinische Bademeisterinnen und Bademeister<\/p>\n<p class=\"x_MsoListParagraphCxSpMiddle\">\u00b7\u00a0\u00a0\u00a0\u00a0\u00a0\u00a0\u00a0\u00a0 Physiotherapeutinnen und -therapeuten<\/p>\n<p class=\"x_MsoListParagraphCxSpMiddle\">\u00b7\u00a0\u00a0\u00a0\u00a0\u00a0\u00a0\u00a0\u00a0 Heilerziehungspflegerinnen und -pfleger<\/p>\n<p class=\"x_MsoListParagraphCxSpMiddle\">\u00b7\u00a0\u00a0\u00a0\u00a0\u00a0\u00a0\u00a0\u00a0 Pharmazeutisch-technische Assistentinnen und Assistenten<\/p>\n<p class=\"x_MsoListParagraphCxSpLast\">\u00b7\u00a0\u00a0\u00a0\u00a0\u00a0\u00a0\u00a0\u00a0 Fachangestellte f\u00fcr B\u00e4derbetriebe<\/p>\n<p class=\"x_MsoNormal\">3.<\/p>\n<p class=\"x_MsoNormal\"><strong>Niedergelassene \u00c4rztinnen und \u00c4rzte<\/strong> sind als Ersthelferinnen und Ersthelfer anzusehen. Die BGW \u00fcbernimmt weder die Kosten f\u00fcr die Erste-Hilfe Ausbildung noch f\u00fcr die Fortbildung in Erster Hilfe.<\/p>\n<p class=\"x_MsoNormal\">4.<\/p>\n<p class=\"x_MsoNormal\">Sollen die Erste-Hilfe-Ausbildung oder die Erste-Hilfe-Fortbildung im Rahmen einer <strong>Berufsausbildung<\/strong> absolviert werden, ist eine Kosten\u00fcbernahme durch die BGW nicht m\u00f6glich.<\/p>\n<p class=\"x_MsoNormal\">5.<\/p>\n<p class=\"x_MsoNormal\">Kosten f\u00fcr Erste-Hilfe-Aus- und Fortbildungen, die zur <strong>beruflichen Qualifikation<\/strong> ben\u00f6tigt werden (z.B. Forderung des MDK) werden nicht von der BGW \u00fcbernommen.<\/p>\n<p class=\"x_MsoNormal\">6.<\/p>\n<p class=\"x_MsoNormal\">Die Kosten f\u00fcr die Erste-Hilfe-Ausbildung und die Erste-Hilfe-Fortbildung f\u00fcr <strong>Praktikanten, Aushilfen, ehrenamtlich T\u00e4tige, geringf\u00fcgig Besch\u00e4ftigte sowie Teilnehmende an einem freiwilligen sozialen Jahr<\/strong> werden nicht von der BGW \u00fcbernommen.<\/p>\n<p class=\"x_MsoNormal\">7.<\/p>\n<p class=\"x_MsoNormal\">F\u00fcr Erzieherinnen und Erzieher in Betreuungseinrichtungen f\u00fcr Kinder \u00fcbernimmt<br \/>\ndie BGW nicht die Kosten f\u00fcr eine Ausbildung zum betrieblichen Ersthelfer. Dagegen werden die Kosten f\u00fcr die regelm\u00e4\u00dfige Fortbildung der betrieblichen Ersthelfer von der BGW \u00fcbernommen und zwar f\u00fcr 1 betrieblichen Ersthelfer je Kindergruppe.<br \/>\n<strong>Der Kurs &#8222;Erste Hilfe in Bildungs- und Be<\/strong>t<strong>reuungseinrichtungen f\u00fcr Kinder&#8220; <\/strong><\/p>\n<p class=\"x_MsoNormal\"><strong>wird nicht von der BGW bezahlt!<\/strong><\/p>\n<p class=\"x_MsoNormal\"><b><br \/>\n<\/b>Quelle: BGW<\/p>\n<p>&nbsp;<\/p>\n","protected":false},"excerpt":{"rendered":"<p>Sehr geehrte Damen und Herren, die BGW stellt ihr Abrechnungsverfahren zur Kosten\u00fcbernahme von Aus-und Fortbildungen in Erster Hilfe f\u00fcr die betrieblichen Ersthelfer um. Wir m\u00f6chten Sie daher \u00fcber die Abrechnungsmodalit\u00e4ten der BGW auf diesem Wege informieren. Ab 01.11.2017 erf\u00e4hrt ein Unternehmen sofort, ob die BGW die Kosten f\u00fcr die Aus- bzw. Fortbildung der betrieblichen Ersthelfenden &hellip; <a href=\"https:\/\/sanitaetsschule112.de\/neu\/erste-hilfe-masnahmen\/\" class=\"more-link\"><span class=\"screen-reader-text\">Neues f\u00fcr die Ersthelfer in Betrieben<\/span> weiterlesen <span class=\"meta-nav\">&rarr;<\/span><\/a><\/p>\n","protected":false},"author":3,"featured_media":0,"parent":0,"menu_order":0,"comment_status":"closed","ping_status":"closed","template":"","meta":{"ngg_post_thumbnail":0},"_links":{"self":[{"href":"https:\/\/sanitaetsschule112.de\/neu\/wp-json\/wp\/v2\/pages\/210"}],"collection":[{"href":"https:\/\/sanitaetsschule112.de\/neu\/wp-json\/wp\/v2\/pages"}],"about":[{"href":"https:\/\/sanitaetsschule112.de\/neu\/wp-json\/wp\/v2\/types\/page"}],"author":[{"embeddable":true,"href":"https:\/\/sanitaetsschule112.de\/neu\/wp-json\/wp\/v2\/users\/3"}],"replies":[{"embeddable":true,"href":"https:\/\/sanitaetsschule112.de\/neu\/wp-json\/wp\/v2\/comments?post=210"}],"version-history":[{"count":13,"href":"https:\/\/sanitaetsschule112.de\/neu\/wp-json\/wp\/v2\/pages\/210\/revisions"}],"predecessor-version":[{"id":6055,"href":"https:\/\/sanitaetsschule112.de\/neu\/wp-json\/wp\/v2\/pages\/210\/revisions\/6055"}],"wp:attachment":[{"href":"https:\/\/sanitaetsschule112.de\/neu\/wp-json\/wp\/v2\/media?parent=210"}],"curies":[{"name":"wp","href":"https:\/\/api.w.org\/{rel}","templated":true}]}}