{"id":186,"date":"2010-08-10T15:25:29","date_gmt":"2010-08-10T13:25:29","guid":{"rendered":"http:\/\/192.168.100.13\/~walter\/?page_id=186"},"modified":"2010-11-25T11:20:02","modified_gmt":"2010-11-25T09:20:02","slug":"medizinische-fachberatung","status":"publish","type":"page","link":"https:\/\/sanitaetsschule112.de\/neu\/medizinische-fachberatung\/","title":{"rendered":"Medizinische Fachberatung"},"content":{"rendered":"<ul>\n<li>f\u00fcr Film und Fernsehaufnahmen<\/li>\n<li>f\u00fcr Theaterauff\u00fchrungen<\/li>\n<li>f\u00fcr Expeditionen<\/li>\n<li>f\u00fcr Aufbau von First Responder Einheiten<\/li>\n<li>f\u00fcr Erste-Hilfe-Management<\/li>\n<\/ul>\n","protected":false},"excerpt":{"rendered":"<p>f\u00fcr Film und Fernsehaufnahmen f\u00fcr Theaterauff\u00fchrungen f\u00fcr Expeditionen f\u00fcr Aufbau von First Responder Einheiten f\u00fcr Erste-Hilfe-Management<\/p>\n","protected":false},"author":3,"featured_media":0,"parent":0,"menu_order":0,"comment_status":"closed","ping_status":"closed","template":"","meta":{"ngg_post_thumbnail":0},"_links":{"self":[{"href":"https:\/\/sanitaetsschule112.de\/neu\/wp-json\/wp\/v2\/pages\/186"}],"collection":[{"href":"https:\/\/sanitaetsschule112.de\/neu\/wp-json\/wp\/v2\/pages"}],"about":[{"href":"https:\/\/sanitaetsschule112.de\/neu\/wp-json\/wp\/v2\/types\/page"}],"author":[{"embeddable":true,"href":"https:\/\/sanitaetsschule112.de\/neu\/wp-json\/wp\/v2\/users\/3"}],"replies":[{"embeddable":true,"href":"https:\/\/sanitaetsschule112.de\/neu\/wp-json\/wp\/v2\/comments?post=186"}],"version-history":[{"count":3,"href":"https:\/\/sanitaetsschule112.de\/neu\/wp-json\/wp\/v2\/pages\/186\/revisions"}],"predecessor-version":[{"id":439,"href":"https:\/\/sanitaetsschule112.de\/neu\/wp-json\/wp\/v2\/pages\/186\/revisions\/439"}],"wp:attachment":[{"href":"https:\/\/sanitaetsschule112.de\/neu\/wp-json\/wp\/v2\/media?parent=186"}],"curies":[{"name":"wp","href":"https:\/\/api.w.org\/{rel}","templated":true}]}}