{"id":146,"date":"2010-08-10T08:59:27","date_gmt":"2010-08-10T06:59:27","guid":{"rendered":"http:\/\/192.168.100.13\/~walter\/?page_id=146"},"modified":"2013-05-25T08:12:40","modified_gmt":"2013-05-25T06:12:40","slug":"kontakt","status":"publish","type":"page","link":"https:\/\/sanitaetsschule112.de\/neu\/kontakt\/","title":{"rendered":"Kontakt"},"content":{"rendered":"<div role=\"form\" class=\"wpcf7\" id=\"wpcf7-f5449-o1\" dir=\"ltr\">\n<div class=\"screen-reader-response\"><p role=\"status\" aria-live=\"polite\" aria-atomic=\"true\"><\/p> <ul><\/ul><\/div>\n<form action=\"\/neu\/wp-json\/wp\/v2\/pages\/146#wpcf7-f5449-o1\" method=\"post\" class=\"wpcf7-form init\" novalidate=\"novalidate\" data-status=\"init\">\n<div style=\"display: none;\">\n<input type=\"hidden\" name=\"_wpcf7\" value=\"5449\" \/>\n<input type=\"hidden\" name=\"_wpcf7_version\" value=\"5.3.2\" \/>\n<input type=\"hidden\" name=\"_wpcf7_locale\" value=\"\" \/>\n<input type=\"hidden\" name=\"_wpcf7_unit_tag\" value=\"wpcf7-f5449-o1\" \/>\n<input type=\"hidden\" name=\"_wpcf7_container_post\" value=\"0\" \/>\n<input type=\"hidden\" name=\"_wpcf7_posted_data_hash\" value=\"\" \/>\n<\/div>\n<p>Ihre Name (Pflichtfeld)<br \/>\n    <span class=\"wpcf7-form-control-wrap your-name\"><input type=\"text\" name=\"your-name\" value=\"\" size=\"40\" class=\"wpcf7-form-control wpcf7-text wpcf7-validates-as-required\" aria-required=\"true\" aria-invalid=\"false\" \/><\/span> <\/p>\n<p>Ihre Email (Pflichtfeld)<br \/>\n    <span class=\"wpcf7-form-control-wrap your-email\"><input type=\"email\" name=\"your-email\" value=\"\" size=\"40\" class=\"wpcf7-form-control wpcf7-text wpcf7-email wpcf7-validates-as-required wpcf7-validates-as-email\" aria-required=\"true\" aria-invalid=\"false\" \/><\/span> <\/p>\n<p>Betreff<br \/>\n    <span class=\"wpcf7-form-control-wrap your-subject\"><input type=\"text\" name=\"your-subject\" value=\"\" size=\"40\" class=\"wpcf7-form-control wpcf7-text\" aria-invalid=\"false\" \/><\/span> <\/p>\n<p>Ihre Nachricht<br \/>\n    <span class=\"wpcf7-form-control-wrap your-message\"><textarea name=\"your-message\" cols=\"40\" rows=\"10\" class=\"wpcf7-form-control wpcf7-textarea\" aria-invalid=\"false\"><\/textarea><\/span> <\/p>\n<p><input type=\"submit\" value=\"Senden\" class=\"wpcf7-form-control wpcf7-submit\" \/><\/p>\n<div class=\"wpcf7-response-output\" aria-hidden=\"true\"><\/div><\/form><\/div>\n<p>Sanit\u00e4tsschule 112<br \/>\nAusbildungsst\u00e4tte<br \/>\nUlrichstra\u00dfe 21<br \/>\n93326 Abensberg<\/p>\n<p>freecall: 0800-5891809<\/p>\n<p><script type=\"text\/javascript\">\/\/ <![CDATA[\n\t\t\tvar mailadr=\"info\";\n\t\t\tvar maildom=\"sanitaetsschule112.de\";\n\t\t\tvar mailarg=\"\";\n\t\t\tdocument.write('<a href=\"mailto:'+mailadr+'@'+maildom+mailarg+'\">'+mailadr+'@'+maildom+'<\/a>');\n\/\/ ]]><\/script><\/p>\n","protected":false},"excerpt":{"rendered":"<p>Sanit\u00e4tsschule 112 Ausbildungsst\u00e4tte Ulrichstra\u00dfe 21 93326 Abensberg freecall: 0800-5891809<\/p>\n","protected":false},"author":3,"featured_media":0,"parent":0,"menu_order":0,"comment_status":"closed","ping_status":"closed","template":"","meta":{"ngg_post_thumbnail":0},"_links":{"self":[{"href":"https:\/\/sanitaetsschule112.de\/neu\/wp-json\/wp\/v2\/pages\/146"}],"collection":[{"href":"https:\/\/sanitaetsschule112.de\/neu\/wp-json\/wp\/v2\/pages"}],"about":[{"href":"https:\/\/sanitaetsschule112.de\/neu\/wp-json\/wp\/v2\/types\/page"}],"author":[{"embeddable":true,"href":"https:\/\/sanitaetsschule112.de\/neu\/wp-json\/wp\/v2\/users\/3"}],"replies":[{"embeddable":true,"href":"https:\/\/sanitaetsschule112.de\/neu\/wp-json\/wp\/v2\/comments?post=146"}],"version-history":[{"count":11,"href":"https:\/\/sanitaetsschule112.de\/neu\/wp-json\/wp\/v2\/pages\/146\/revisions"}],"predecessor-version":[{"id":5041,"href":"https:\/\/sanitaetsschule112.de\/neu\/wp-json\/wp\/v2\/pages\/146\/revisions\/5041"}],"wp:attachment":[{"href":"https:\/\/sanitaetsschule112.de\/neu\/wp-json\/wp\/v2\/media?parent=146"}],"curies":[{"name":"wp","href":"https:\/\/api.w.org\/{rel}","templated":true}]}}