{"id":1085,"date":"2011-06-19T09:17:57","date_gmt":"2011-06-19T07:17:57","guid":{"rendered":"http:\/\/sanitaetsschule112.de\/neu\/?page_id=1085"},"modified":"2011-06-19T09:24:17","modified_gmt":"2011-06-19T07:24:17","slug":"jobs-2","status":"publish","type":"page","link":"https:\/\/sanitaetsschule112.de\/neu\/jobs-2\/","title":{"rendered":"JOBS"},"content":{"rendered":"<h5>Nebenjob als Ausbilder Erste Hilfe (m\/w)<\/h5>\n<p>Wir suchen\u00a0Erste-Hilfe-Ausbilder f\u00fcr Abensberg, Coburg, Regensburg, Ingolstadt, Erding, Augsburg, Landshut und N\u00fcrnberg.<\/p>\n<p>Sie sind\u00a0\u00fcber 18 und haben Lust, \u00a0als Ausbilder Kurse in Lebensrettenden Sofortma\u00dfnahmen und Erster Hilfe selbstst\u00e4ndig durchzuf\u00fchren? Dann melden\u00a0Sie sich\u00a0doch einfach unter der<\/p>\n<p>Tel.: 0170- 446 32 46<\/p>\n<p>Wir freuen uns auf Ihre Anfrage!<\/p>\n<h5>Wir suchen St\u00fctzpunktleiter in ganz Bayern:<\/h5>\n<p>Sie m\u00f6chten einen eigenen St\u00fctzpunkt gr\u00fcnden? Sie sind bereits Ausbilder und verf\u00fcgen \u00fcber Tagesfreizeit?<\/p>\n<p>Dann sprechen Sie uns an.<\/p>\n<p>Bitte wenden Sie sich an Tel.: 0170-446 32 46<\/p>\n","protected":false},"excerpt":{"rendered":"<p>Nebenjob als Ausbilder Erste Hilfe (m\/w) Wir suchen\u00a0Erste-Hilfe-Ausbilder f\u00fcr Abensberg, Coburg, Regensburg, Ingolstadt, Erding, Augsburg, Landshut und N\u00fcrnberg. Sie sind\u00a0\u00fcber 18 und haben Lust, \u00a0als Ausbilder Kurse in Lebensrettenden Sofortma\u00dfnahmen und Erster Hilfe selbstst\u00e4ndig durchzuf\u00fchren? Dann melden\u00a0Sie sich\u00a0doch einfach unter der Tel.: 0170- 446 32 46 Wir freuen uns auf Ihre Anfrage! Wir suchen St\u00fctzpunktleiter &hellip; <a href=\"https:\/\/sanitaetsschule112.de\/neu\/jobs-2\/\" class=\"more-link\"><span class=\"screen-reader-text\">JOBS<\/span> weiterlesen <span class=\"meta-nav\">&rarr;<\/span><\/a><\/p>\n","protected":false},"author":3,"featured_media":0,"parent":0,"menu_order":0,"comment_status":"closed","ping_status":"closed","template":"","meta":{"ngg_post_thumbnail":0},"_links":{"self":[{"href":"https:\/\/sanitaetsschule112.de\/neu\/wp-json\/wp\/v2\/pages\/1085"}],"collection":[{"href":"https:\/\/sanitaetsschule112.de\/neu\/wp-json\/wp\/v2\/pages"}],"about":[{"href":"https:\/\/sanitaetsschule112.de\/neu\/wp-json\/wp\/v2\/types\/page"}],"author":[{"embeddable":true,"href":"https:\/\/sanitaetsschule112.de\/neu\/wp-json\/wp\/v2\/users\/3"}],"replies":[{"embeddable":true,"href":"https:\/\/sanitaetsschule112.de\/neu\/wp-json\/wp\/v2\/comments?post=1085"}],"version-history":[{"count":3,"href":"https:\/\/sanitaetsschule112.de\/neu\/wp-json\/wp\/v2\/pages\/1085\/revisions"}],"predecessor-version":[{"id":1087,"href":"https:\/\/sanitaetsschule112.de\/neu\/wp-json\/wp\/v2\/pages\/1085\/revisions\/1087"}],"wp:attachment":[{"href":"https:\/\/sanitaetsschule112.de\/neu\/wp-json\/wp\/v2\/media?parent=1085"}],"curies":[{"name":"wp","href":"https:\/\/api.w.org\/{rel}","templated":true}]}}